{"id":2291,"date":"2025-03-13T16:48:43","date_gmt":"2025-03-13T16:48:43","guid":{"rendered":"https:\/\/staging26.oekoboiler.com\/produkt\/rs-oekoboiler-04-300-l\/"},"modified":"2025-03-13T16:48:43","modified_gmt":"2025-03-13T16:48:43","slug":"rs-oekoboiler-04-300-l","status":"publish","type":"product","link":"https:\/\/staging26.oekoboiler.com\/fr\/produkt\/rs-oekoboiler-04-300-l\/","title":{"rendered":"RS \u2013 Oekoboiler 04 | 300 L"},"content":{"rendered":"<div id=\"w-node-_278230e0-f4e8-0ef9-595d-7d6b08449171-8162ea87\" class=\"text-small-product\">\n<div class=\"sticky-product-left-wrap\">\n<div class=\"section-titel-info-produkt desktop\">\n<div class=\"tabs-info w-tabs\" data-current=\"Beschreibung\" data-easing=\"ease\" data-duration-in=\"300\" data-duration-out=\"100\">\n<div class=\"tabs-content w-tab-content\">\n<div id=\"w-tabs-0-data-w-pane-0\" class=\"w-tab-pane w--tab-active\" role=\"tabpanel\" data-w-tab=\"Beschreibung\" aria-labelledby=\"w-tabs-0-data-w-tab-0\">\n<div id=\"w-node-a72656ea-b4f9-eadc-aeea-69ed4a094dc1-8162ea87\" class=\"text-small-product\">Le design, le r\u00e9servoir en acier inoxydable et les composants \u00e9lectroniques de haute qualit\u00e9 offrent une production d\u2019eau chaude efficace. Avec un r\u00e9servoir de 300 litres, une pompe \u00e0 chaleur performante et un r\u00e9glage continu de la temp\u00e9rature jusqu\u2019\u00e0 +70 \u00b0C via un \u00e9cran LCD et une application WiFi pour un acc\u00e8s mondial, l\u2019appareil garantit un grand confort. Il est con\u00e7u pour plusieurs points de puisage et comprend une anode en magn\u00e9sium, un chauffage d\u2019appoint de secours ainsi qu\u2019une entr\u00e9e de contact pour des \u00e9metteurs de signaux externes, par ex. pour l\u2019\u00e9nergie solaire.  <\/div>\n<\/div>\n<\/div>\n<\/div>\n<\/div>\n<\/div>\n<div class=\"product-images-scroll-wrap\">\n<div class=\"scroll-wrap\">\n<div class=\"scroll-bg\"><\/div>\n<\/div>\n<\/div>\n<\/div>\n","protected":false},"excerpt":{"rendered":"<p>Le design, le r\u00e9servoir en acier inoxydable et les composants \u00e9lectroniques de haute qualit\u00e9 offrent une production d\u2019eau chaude efficace. Avec un r\u00e9servoir de 300 litres, une pompe \u00e0 chaleur performante et un r\u00e9glage continu de la temp\u00e9rature jusqu\u2019\u00e0 +70 \u00b0C via un \u00e9cran LCD et une application WiFi pour un acc\u00e8s mondial, l\u2019appareil garantit [&hellip;]<\/p>\n","protected":false},"featured_media":2296,"template":"","meta":{"_acf_changed":false},"product_brand":[],"product_cat":[183],"product_tag":[],"class_list":{"0":"post-2291","1":"product","2":"type-product","3":"status-publish","4":"has-post-thumbnail","6":"product_cat-300-l","8":"first","9":"instock","10":"featured","11":"taxable","12":"shipping-taxable","13":"purchasable","14":"product-type-simple"},"acf":[],"_links":{"self":[{"href":"https:\/\/staging26.oekoboiler.com\/fr\/wp-json\/wp\/v2\/product\/2291","targetHints":{"allow":["GET"]}}],"collection":[{"href":"https:\/\/staging26.oekoboiler.com\/fr\/wp-json\/wp\/v2\/product"}],"about":[{"href":"https:\/\/staging26.oekoboiler.com\/fr\/wp-json\/wp\/v2\/types\/product"}],"wp:featuredmedia":[{"embeddable":true,"href":"https:\/\/staging26.oekoboiler.com\/fr\/wp-json\/wp\/v2\/media\/2296"}],"wp:attachment":[{"href":"https:\/\/staging26.oekoboiler.com\/fr\/wp-json\/wp\/v2\/media?parent=2291"}],"wp:term":[{"taxonomy":"product_brand","embeddable":true,"href":"https:\/\/staging26.oekoboiler.com\/fr\/wp-json\/wp\/v2\/product_brand?post=2291"},{"taxonomy":"product_cat","embeddable":true,"href":"https:\/\/staging26.oekoboiler.com\/fr\/wp-json\/wp\/v2\/product_cat?post=2291"},{"taxonomy":"product_tag","embeddable":true,"href":"https:\/\/staging26.oekoboiler.com\/fr\/wp-json\/wp\/v2\/product_tag?post=2291"}],"curies":[{"name":"wp","href":"https:\/\/api.w.org\/{rel}","templated":true}]}}