{"id":2299,"date":"2025-03-13T16:48:43","date_gmt":"2025-03-13T16:48:43","guid":{"rendered":"https:\/\/staging26.oekoboiler.com\/produkt\/rs-oekoboiler-02-300-l\/"},"modified":"2025-03-13T16:48:43","modified_gmt":"2025-03-13T16:48:43","slug":"rs-oekoboiler-02-300-l","status":"publish","type":"product","link":"https:\/\/staging26.oekoboiler.com\/fr\/produkt\/rs-oekoboiler-02-300-l\/","title":{"rendered":"RS-Oekoboiler 02 \/ 300 L"},"content":{"rendered":"<div id=\"w-node-_278230e0-f4e8-0ef9-595d-7d6b08449171-8162ea87\" class=\"text-small-product\">Le design attrayant, le ballon en acier chrom\u00e9 et les composants \u00e9lectroniques de haute qualit\u00e9 garantissent une production d\u2019eau chaude efficace. Avec un r\u00e9servoir de 300 litres, une pompe \u00e0 chaleur hautement efficace et un r\u00e9glage continu de la temp\u00e9rature jusqu\u2019\u00e0 +70 \u00b0C, l\u2019appareil offre un grand confort d\u2019utilisation via un \u00e9cran LCD et une commande par application WiFi pour un acc\u00e8s mondial. Il est con\u00e7u pour plusieurs points de puisage et comprend une anode en magn\u00e9sium ainsi qu\u2019un chauffage d\u2019appoint de secours.  <\/div>\n","protected":false},"excerpt":{"rendered":"<p>Le design attrayant, le ballon en acier chrom\u00e9 et les composants \u00e9lectroniques de haute qualit\u00e9 garantissent une production d\u2019eau chaude efficace. Avec un r\u00e9servoir de 300 litres, une pompe \u00e0 chaleur hautement efficace et un r\u00e9glage continu de la temp\u00e9rature jusqu\u2019\u00e0 +70 \u00b0C, l\u2019appareil offre un grand confort d\u2019utilisation via un \u00e9cran LCD et une [&hellip;]<\/p>\n","protected":false},"featured_media":2304,"template":"","meta":{"_acf_changed":false},"product_brand":[],"product_cat":[183],"product_tag":[],"class_list":{"0":"post-2299","1":"product","2":"type-product","3":"status-publish","4":"has-post-thumbnail","6":"product_cat-300-l","8":"first","9":"instock","10":"featured","11":"taxable","12":"shipping-taxable","13":"purchasable","14":"product-type-simple"},"acf":[],"_links":{"self":[{"href":"https:\/\/staging26.oekoboiler.com\/fr\/wp-json\/wp\/v2\/product\/2299","targetHints":{"allow":["GET"]}}],"collection":[{"href":"https:\/\/staging26.oekoboiler.com\/fr\/wp-json\/wp\/v2\/product"}],"about":[{"href":"https:\/\/staging26.oekoboiler.com\/fr\/wp-json\/wp\/v2\/types\/product"}],"wp:featuredmedia":[{"embeddable":true,"href":"https:\/\/staging26.oekoboiler.com\/fr\/wp-json\/wp\/v2\/media\/2304"}],"wp:attachment":[{"href":"https:\/\/staging26.oekoboiler.com\/fr\/wp-json\/wp\/v2\/media?parent=2299"}],"wp:term":[{"taxonomy":"product_brand","embeddable":true,"href":"https:\/\/staging26.oekoboiler.com\/fr\/wp-json\/wp\/v2\/product_brand?post=2299"},{"taxonomy":"product_cat","embeddable":true,"href":"https:\/\/staging26.oekoboiler.com\/fr\/wp-json\/wp\/v2\/product_cat?post=2299"},{"taxonomy":"product_tag","embeddable":true,"href":"https:\/\/staging26.oekoboiler.com\/fr\/wp-json\/wp\/v2\/product_tag?post=2299"}],"curies":[{"name":"wp","href":"https:\/\/api.w.org\/{rel}","templated":true}]}}