{"id":2308,"date":"2025-03-13T16:48:43","date_gmt":"2025-03-13T16:48:43","guid":{"rendered":"https:\/\/staging26.oekoboiler.com\/produkt\/rs-oekob-03-450-litres\/"},"modified":"2025-03-13T16:48:43","modified_gmt":"2025-03-13T16:48:43","slug":"rs-oekob-03-450-litres","status":"publish","type":"product","link":"https:\/\/staging26.oekoboiler.com\/fr\/produkt\/rs-oekob-03-450-litres\/","title":{"rendered":"RS-Oekob 03 450 litres"},"content":{"rendered":"<div class=\"sticky-product-left-wrap\">\n<div class=\"section-titel-info-produkt desktop\">\n<div class=\"tabs-info w-tabs\" data-current=\"Beschreibung\" data-easing=\"ease\" data-duration-in=\"300\" data-duration-out=\"100\">\n<div class=\"tabs-content w-tab-content\">\n<div id=\"w-tabs-0-data-w-pane-0\" class=\"w-tab-pane w--tab-active\" role=\"tabpanel\" data-w-tab=\"Beschreibung\" aria-labelledby=\"w-tabs-0-data-w-tab-0\">\n<div id=\"w-node-a72656ea-b4f9-eadc-aeea-69ed4a094dc1-8162ea87\" class=\"text-small-product\">Le design attrayant et les composants \u00e9lectroniques haut de gamme avec des ballons en acier inoxydable assurent une production d\u2019eau chaude efficace. Les entr\u00e9es et sorties d\u2019air s\u2019adaptent de mani\u00e8re flexible. Avec une capacit\u00e9 de stockage de 450 litres et une pompe \u00e0 chaleur hautement efficace, l\u2019appareil atteint d\u2019excellentes performances. Le r\u00e9glage continu de la temp\u00e9rature jusqu\u2019\u00e0 +70\u00b0C s\u2019effectue via un \u00e9cran LC et, gr\u00e2ce \u00e0 une commande par application WiFi pour un acc\u00e8s mondial, l\u2019appareil garantit un grand confort. L\u2019\u00e9quipement comprend une anode en magn\u00e9sium, un chauffage d\u2019appoint de secours et une entr\u00e9e de contact pour des \u00e9metteurs de signaux externes, p. ex. pour l\u2019\u00e9lectricit\u00e9 solaire ou les tarifs r\u00e9duits.<\/div>\n<\/div>\n<\/div>\n<\/div>\n<\/div>\n<\/div>\n<div class=\"product-images-scroll-wrap\">\n<div class=\"scroll-wrap\">\n<div class=\"scroll-bg\"><\/div>\n<\/div>\n<\/div>\n","protected":false},"excerpt":{"rendered":"<p>Le design attrayant et les composants \u00e9lectroniques haut de gamme avec des ballons en acier inoxydable assurent une production d\u2019eau chaude efficace. Les entr\u00e9es et sorties d\u2019air s\u2019adaptent de mani\u00e8re flexible. Avec une capacit\u00e9 de stockage de 450 litres et une pompe \u00e0 chaleur hautement efficace, l\u2019appareil atteint d\u2019excellentes performances. Le r\u00e9glage continu de la [&hellip;]<\/p>\n","protected":false},"featured_media":2313,"template":"","meta":{"_acf_changed":false},"product_brand":[],"product_cat":[198],"product_tag":[],"class_list":{"0":"post-2308","1":"product","2":"type-product","3":"status-publish","4":"has-post-thumbnail","6":"product_cat-450-l","8":"first","9":"instock","10":"featured","11":"taxable","12":"shipping-taxable","13":"purchasable","14":"product-type-simple"},"acf":[],"_links":{"self":[{"href":"https:\/\/staging26.oekoboiler.com\/fr\/wp-json\/wp\/v2\/product\/2308","targetHints":{"allow":["GET"]}}],"collection":[{"href":"https:\/\/staging26.oekoboiler.com\/fr\/wp-json\/wp\/v2\/product"}],"about":[{"href":"https:\/\/staging26.oekoboiler.com\/fr\/wp-json\/wp\/v2\/types\/product"}],"wp:featuredmedia":[{"embeddable":true,"href":"https:\/\/staging26.oekoboiler.com\/fr\/wp-json\/wp\/v2\/media\/2313"}],"wp:attachment":[{"href":"https:\/\/staging26.oekoboiler.com\/fr\/wp-json\/wp\/v2\/media?parent=2308"}],"wp:term":[{"taxonomy":"product_brand","embeddable":true,"href":"https:\/\/staging26.oekoboiler.com\/fr\/wp-json\/wp\/v2\/product_brand?post=2308"},{"taxonomy":"product_cat","embeddable":true,"href":"https:\/\/staging26.oekoboiler.com\/fr\/wp-json\/wp\/v2\/product_cat?post=2308"},{"taxonomy":"product_tag","embeddable":true,"href":"https:\/\/staging26.oekoboiler.com\/fr\/wp-json\/wp\/v2\/product_tag?post=2308"}],"curies":[{"name":"wp","href":"https:\/\/api.w.org\/{rel}","templated":true}]}}