{"id":2350,"date":"2025-03-13T16:48:43","date_gmt":"2025-03-13T16:48:43","guid":{"rendered":"https:\/\/staging26.oekoboiler.com\/produkt\/rs-oekob-04-450-litres\/"},"modified":"2025-03-13T16:48:43","modified_gmt":"2025-03-13T16:48:43","slug":"rs-oekob-04-450-litres","status":"publish","type":"product","link":"https:\/\/staging26.oekoboiler.com\/fr\/produkt\/rs-oekob-04-450-litres\/","title":{"rendered":"RS-Oekob 04 450 litres"},"content":{"rendered":"<div id=\"w-node-_278230e0-f4e8-0ef9-595d-7d6b08449171-8162ea87\" class=\"text-small-product\">Ce mod\u00e8le allie un design attrayant, des composants \u00e9lectroniques de haute qualit\u00e9 et un r\u00e9servoir en acier inoxydable pour une production d\u2019eau chaude efficace. Les entr\u00e9es et sorties d\u2019air s\u2019adaptent avec souplesse \u00e0 la configuration de la maison. Il dispose d\u2019un r\u00e9servoir de 450 litres, d\u2019une pompe \u00e0 chaleur \u00e0 haute efficacit\u00e9 et d\u2019une r\u00e9gulation \u00e9lectronique conviviale avec \u00e9cran LCD et commande par application WiFi pour un acc\u00e8s mondial, garantissant ainsi un grand confort. La temp\u00e9rature de l\u2019eau est r\u00e9glable en continu jusqu\u2019\u00e0 +70 \u00b0C. L\u2019\u00e9quipement comprend une anode en magn\u00e9sium, un chauffage d\u2019appoint de secours sous gaine c\u00e9ramique, une entr\u00e9e de contact pour signal externe et un \u00e9changeur suppl\u00e9mentaire pour l\u2019utilisation de l\u2019\u00e9nergie solaire ou le soutien au chauffage.    <\/div>\n","protected":false},"excerpt":{"rendered":"<p>Ce mod\u00e8le allie un design attrayant, des composants \u00e9lectroniques de haute qualit\u00e9 et un r\u00e9servoir en acier inoxydable pour une production d\u2019eau chaude efficace. Les entr\u00e9es et sorties d\u2019air s\u2019adaptent avec souplesse \u00e0 la configuration de la maison. Il dispose d\u2019un r\u00e9servoir de 450 litres, d\u2019une pompe \u00e0 chaleur \u00e0 haute efficacit\u00e9 et d\u2019une r\u00e9gulation [&hellip;]<\/p>\n","protected":false},"featured_media":1367,"template":"","meta":{"_acf_changed":false},"product_brand":[],"product_cat":[198],"product_tag":[],"class_list":{"0":"post-2350","1":"product","2":"type-product","3":"status-publish","4":"has-post-thumbnail","6":"product_cat-450-l","8":"first","9":"instock","10":"featured","11":"taxable","12":"shipping-taxable","13":"purchasable","14":"product-type-simple"},"acf":[],"_links":{"self":[{"href":"https:\/\/staging26.oekoboiler.com\/fr\/wp-json\/wp\/v2\/product\/2350","targetHints":{"allow":["GET"]}}],"collection":[{"href":"https:\/\/staging26.oekoboiler.com\/fr\/wp-json\/wp\/v2\/product"}],"about":[{"href":"https:\/\/staging26.oekoboiler.com\/fr\/wp-json\/wp\/v2\/types\/product"}],"wp:featuredmedia":[{"embeddable":true,"href":"https:\/\/staging26.oekoboiler.com\/fr\/wp-json\/wp\/v2\/media\/1367"}],"wp:attachment":[{"href":"https:\/\/staging26.oekoboiler.com\/fr\/wp-json\/wp\/v2\/media?parent=2350"}],"wp:term":[{"taxonomy":"product_brand","embeddable":true,"href":"https:\/\/staging26.oekoboiler.com\/fr\/wp-json\/wp\/v2\/product_brand?post=2350"},{"taxonomy":"product_cat","embeddable":true,"href":"https:\/\/staging26.oekoboiler.com\/fr\/wp-json\/wp\/v2\/product_cat?post=2350"},{"taxonomy":"product_tag","embeddable":true,"href":"https:\/\/staging26.oekoboiler.com\/fr\/wp-json\/wp\/v2\/product_tag?post=2350"}],"curies":[{"name":"wp","href":"https:\/\/api.w.org\/{rel}","templated":true}]}}