{"id":2392,"date":"2025-03-13T16:48:43","date_gmt":"2025-03-13T16:48:43","guid":{"rendered":"https:\/\/staging26.oekoboiler.com\/produkt\/rs-oekob-02-1-450-litres\/"},"modified":"2025-03-13T16:48:43","modified_gmt":"2025-03-13T16:48:43","slug":"rs-oekob-02-1-450-litres","status":"publish","type":"product","link":"https:\/\/staging26.oekoboiler.com\/fr\/produkt\/rs-oekob-02-1-450-litres\/","title":{"rendered":"RS-Oekob 02.1 450 litres"},"content":{"rendered":"<p>Le design attrayant, les composants \u00e9lectroniques de haute qualit\u00e9, et surtout le ballon en acier inoxydable pur garantissent une production d\u2019eau chaude hautement efficace et \u00e9conomique. Les entr\u00e9es et sorties d\u2019air se font via le capot de l\u2019appareil, ce qui permet d\u2019adapter le flux d\u2019air \u00e0 chaque configuration de maison. Dans un nouveau design attrayant, il offre une capacit\u00e9 de stockage de 450 litres. La pompe \u00e0 chaleur hautement efficace, associ\u00e9e \u00e0 un ballon parfaitement isol\u00e9, atteint d\u2019excellentes performances. Le grand confort d\u2019utilisation de la nouvelle r\u00e9gulation \u00e9lectronique avec \u00e9cran LCD, ainsi qu\u2019une commande via application WiFi pour un acc\u00e8s mondial, compl\u00e8tent l\u2019\u00e9quipement. Des temp\u00e9ratures d\u2019eau jusqu\u2019\u00e0 +70C peuvent \u00eatre atteintes. La temp\u00e9rature souhait\u00e9e peut \u00eatre r\u00e9gl\u00e9e en continu. Ces appareils compacts sont con\u00e7us pour alimenter plusieurs points de puisage. L\u2019\u00e9quipement haut de gamme comprend une anode en magn\u00e9sium ainsi qu\u2019un chauffage d\u2019appoint de secours.        <\/p>\n<p>Via l\u2019entr\u00e9e de contact int\u00e9gr\u00e9e, des \u00e9metteurs de signaux externes peuvent \u00eatre raccord\u00e9s afin d\u2019utiliser, par exemple, l\u2019\u00e9lectricit\u00e9 solaire autoproduite via la fonction PV ou un signal de tarif r\u00e9duit.<\/p>\n","protected":false},"excerpt":{"rendered":"<p>Le design attrayant, les composants \u00e9lectroniques de haute qualit\u00e9, et surtout le ballon en acier inoxydable pur garantissent une production d\u2019eau chaude hautement efficace et \u00e9conomique. Les entr\u00e9es et sorties d\u2019air se font via le capot de l\u2019appareil, ce qui permet d\u2019adapter le flux d\u2019air \u00e0 chaque configuration de maison. Dans un nouveau design attrayant, [&hellip;]<\/p>\n","protected":false},"featured_media":2399,"template":"","meta":{"_acf_changed":false},"product_brand":[],"product_cat":[198],"product_tag":[],"class_list":{"0":"post-2392","1":"product","2":"type-product","3":"status-publish","4":"has-post-thumbnail","6":"product_cat-450-l","8":"first","9":"instock","10":"featured","11":"taxable","12":"shipping-taxable","13":"purchasable","14":"product-type-simple"},"acf":[],"_links":{"self":[{"href":"https:\/\/staging26.oekoboiler.com\/fr\/wp-json\/wp\/v2\/product\/2392","targetHints":{"allow":["GET"]}}],"collection":[{"href":"https:\/\/staging26.oekoboiler.com\/fr\/wp-json\/wp\/v2\/product"}],"about":[{"href":"https:\/\/staging26.oekoboiler.com\/fr\/wp-json\/wp\/v2\/types\/product"}],"wp:featuredmedia":[{"embeddable":true,"href":"https:\/\/staging26.oekoboiler.com\/fr\/wp-json\/wp\/v2\/media\/2399"}],"wp:attachment":[{"href":"https:\/\/staging26.oekoboiler.com\/fr\/wp-json\/wp\/v2\/media?parent=2392"}],"wp:term":[{"taxonomy":"product_brand","embeddable":true,"href":"https:\/\/staging26.oekoboiler.com\/fr\/wp-json\/wp\/v2\/product_brand?post=2392"},{"taxonomy":"product_cat","embeddable":true,"href":"https:\/\/staging26.oekoboiler.com\/fr\/wp-json\/wp\/v2\/product_cat?post=2392"},{"taxonomy":"product_tag","embeddable":true,"href":"https:\/\/staging26.oekoboiler.com\/fr\/wp-json\/wp\/v2\/product_tag?post=2392"}],"curies":[{"name":"wp","href":"https:\/\/api.w.org\/{rel}","templated":true}]}}