{"id":2613,"date":"2025-03-13T16:48:43","date_gmt":"2025-03-13T16:48:43","guid":{"rendered":"https:\/\/staging26.oekoboiler.com\/produkt\/rs-oekoboiler-02-1-150-l\/"},"modified":"2025-03-13T16:48:43","modified_gmt":"2025-03-13T16:48:43","slug":"rs-oekoboiler-02-1-150-l","status":"publish","type":"product","link":"https:\/\/staging26.oekoboiler.com\/fr\/produkt\/rs-oekoboiler-02-1-150-l\/","title":{"rendered":"RS-Oekoboiler 02.1 \/ 150 L"},"content":{"rendered":"<p>Le mod\u00e8le convainc par son design attrayant, son \u00e9lectronique de haute qualit\u00e9 et son ballon en acier inoxydable pour une pr\u00e9paration efficace de l&rsquo;eau chaude. Il offre un r\u00e9servoir de 150 litres, une pompe \u00e0 chaleur performante et une r\u00e9gulation de temp\u00e9rature progressive jusqu&rsquo;\u00e0 +70\u00b0C via un \u00e9cran LCD et une commande par application WiFi pour un acc\u00e8s mondial. L&rsquo;\u00e9quipement comprend une anode en magn\u00e9sium et un chauffage d&rsquo;appoint de secours.<\/p>\n","protected":false},"excerpt":{"rendered":"<p>Le mod\u00e8le convainc par son design attrayant, son \u00e9lectronique de haute qualit\u00e9 et son ballon en acier inoxydable pour une pr\u00e9paration efficace de l&rsquo;eau chaude. Il offre un r\u00e9servoir de 150 litres, une pompe \u00e0 chaleur performante et une r\u00e9gulation de temp\u00e9rature progressive jusqu&rsquo;\u00e0 +70\u00b0C via un \u00e9cran LCD et une commande par application WiFi [&hellip;]<\/p>\n","protected":false},"featured_media":2618,"template":"","meta":{"_acf_changed":false},"product_brand":[],"product_cat":[145],"product_tag":[],"class_list":{"0":"post-2613","1":"product","2":"type-product","3":"status-publish","4":"has-post-thumbnail","6":"product_cat-150-l","8":"first","9":"instock","10":"featured","11":"taxable","12":"shipping-taxable","13":"purchasable","14":"product-type-simple"},"acf":[],"_links":{"self":[{"href":"https:\/\/staging26.oekoboiler.com\/fr\/wp-json\/wp\/v2\/product\/2613","targetHints":{"allow":["GET"]}}],"collection":[{"href":"https:\/\/staging26.oekoboiler.com\/fr\/wp-json\/wp\/v2\/product"}],"about":[{"href":"https:\/\/staging26.oekoboiler.com\/fr\/wp-json\/wp\/v2\/types\/product"}],"wp:featuredmedia":[{"embeddable":true,"href":"https:\/\/staging26.oekoboiler.com\/fr\/wp-json\/wp\/v2\/media\/2618"}],"wp:attachment":[{"href":"https:\/\/staging26.oekoboiler.com\/fr\/wp-json\/wp\/v2\/media?parent=2613"}],"wp:term":[{"taxonomy":"product_brand","embeddable":true,"href":"https:\/\/staging26.oekoboiler.com\/fr\/wp-json\/wp\/v2\/product_brand?post=2613"},{"taxonomy":"product_cat","embeddable":true,"href":"https:\/\/staging26.oekoboiler.com\/fr\/wp-json\/wp\/v2\/product_cat?post=2613"},{"taxonomy":"product_tag","embeddable":true,"href":"https:\/\/staging26.oekoboiler.com\/fr\/wp-json\/wp\/v2\/product_tag?post=2613"}],"curies":[{"name":"wp","href":"https:\/\/api.w.org\/{rel}","templated":true}]}}