{"id":2652,"date":"2025-03-13T16:48:43","date_gmt":"2025-03-13T16:48:43","guid":{"rendered":"https:\/\/staging26.oekoboiler.com\/produkt\/rs-oekob-04-350-litres\/"},"modified":"2025-03-13T16:48:43","modified_gmt":"2025-03-13T16:48:43","slug":"rs-oekob-04-350-litres","status":"publish","type":"product","link":"https:\/\/staging26.oekoboiler.com\/fr\/produkt\/rs-oekob-04-350-litres\/","title":{"rendered":"RS-Oekob 04 350 litres"},"content":{"rendered":"<div id=\"w-node-a72656ea-b4f9-eadc-aeea-69ed4a094dc1-8162ea87\" class=\"text-small-product\">Ce mod\u00e8le allie design attrayant, \u00e9lectronique de pointe et cuve en acier chrom\u00e9 pour une production d\u2019eau chaude efficace. Il dispose d\u2019un r\u00e9servoir de 350 litres, d\u2019une pompe \u00e0 chaleur avec isolation premium et d\u2019un r\u00e9glage continu de la temp\u00e9rature jusqu\u2019\u00e0 +70 \u00b0C via \u00e9cran LCD et application WiFi pour un acc\u00e8s mondial, garantissant un confort optimal. L\u2019\u00e9quipement inclut une anode magn\u00e9sium, un chauffage d\u2019appoint de secours sous gaine c\u00e9ramique et une entr\u00e9e contact pour signaux externes, par ex. pour le solaire.  <\/div>\n<div class=\"w-layout-grid product-grid-info\"><\/div>\n","protected":false},"excerpt":{"rendered":"<p>Ce mod\u00e8le allie design attrayant, \u00e9lectronique de pointe et cuve en acier chrom\u00e9 pour une production d\u2019eau chaude efficace. Il dispose d\u2019un r\u00e9servoir de 350 litres, d\u2019une pompe \u00e0 chaleur avec isolation premium et d\u2019un r\u00e9glage continu de la temp\u00e9rature jusqu\u2019\u00e0 +70 \u00b0C via \u00e9cran LCD et application WiFi pour un acc\u00e8s mondial, garantissant un [&hellip;]<\/p>\n","protected":false},"featured_media":1351,"template":"","meta":{"_acf_changed":false},"product_brand":[],"product_cat":[243],"product_tag":[],"class_list":{"0":"post-2652","1":"product","2":"type-product","3":"status-publish","4":"has-post-thumbnail","6":"product_cat-350-l","8":"first","9":"instock","10":"featured","11":"taxable","12":"shipping-taxable","13":"purchasable","14":"product-type-simple"},"acf":[],"_links":{"self":[{"href":"https:\/\/staging26.oekoboiler.com\/fr\/wp-json\/wp\/v2\/product\/2652","targetHints":{"allow":["GET"]}}],"collection":[{"href":"https:\/\/staging26.oekoboiler.com\/fr\/wp-json\/wp\/v2\/product"}],"about":[{"href":"https:\/\/staging26.oekoboiler.com\/fr\/wp-json\/wp\/v2\/types\/product"}],"wp:featuredmedia":[{"embeddable":true,"href":"https:\/\/staging26.oekoboiler.com\/fr\/wp-json\/wp\/v2\/media\/1351"}],"wp:attachment":[{"href":"https:\/\/staging26.oekoboiler.com\/fr\/wp-json\/wp\/v2\/media?parent=2652"}],"wp:term":[{"taxonomy":"product_brand","embeddable":true,"href":"https:\/\/staging26.oekoboiler.com\/fr\/wp-json\/wp\/v2\/product_brand?post=2652"},{"taxonomy":"product_cat","embeddable":true,"href":"https:\/\/staging26.oekoboiler.com\/fr\/wp-json\/wp\/v2\/product_cat?post=2652"},{"taxonomy":"product_tag","embeddable":true,"href":"https:\/\/staging26.oekoboiler.com\/fr\/wp-json\/wp\/v2\/product_tag?post=2652"}],"curies":[{"name":"wp","href":"https:\/\/api.w.org\/{rel}","templated":true}]}}