{"id":2661,"date":"2025-03-13T16:48:43","date_gmt":"2025-03-13T16:48:43","guid":{"rendered":"https:\/\/staging26.oekoboiler.com\/produkt\/rs-oekoboiler-04-250-l\/"},"modified":"2025-03-13T16:48:43","modified_gmt":"2025-03-13T16:48:43","slug":"rs-oekoboiler-04-250-l","status":"publish","type":"product","link":"https:\/\/staging26.oekoboiler.com\/fr\/produkt\/rs-oekoboiler-04-250-l\/","title":{"rendered":"RS \u2013 Oekoboiler 04 | 250 L"},"content":{"rendered":"<p>L\u2019appareil offre un design attrayant, des composants \u00e9lectroniques de haute qualit\u00e9 et un ballon en acier inoxydable, pour une production d\u2019eau chaude efficace. L\u2019arriv\u00e9e d\u2019air se fait par le capot, ce qui permet une adaptation \u00e0 diff\u00e9rentes configurations d\u2019habitation. Il dispose d\u2019une capacit\u00e9 de stockage de 250 litres et d\u2019une pompe \u00e0 chaleur performante avec ballon bien isol\u00e9. La nouvelle r\u00e9gulation \u00e9lectronique avec \u00e9cran LCD permet un r\u00e9glage continu de la temp\u00e9rature de l\u2019eau jusqu\u2019\u00e0 +70 \u00b0C ainsi qu\u2019un pilotage via application WiFi pour un acc\u00e8s mondial. Les appareils compacts sont con\u00e7us pour plusieurs points de puisage et disposent d\u2019une anode en magn\u00e9sium et d\u2019un chauffage d\u2019appoint de secours.<\/p>\n","protected":false},"excerpt":{"rendered":"<p>L\u2019appareil offre un design attrayant, des composants \u00e9lectroniques de haute qualit\u00e9 et un ballon en acier inoxydable, pour une production d\u2019eau chaude efficace. L\u2019arriv\u00e9e d\u2019air se fait par le capot, ce qui permet une adaptation \u00e0 diff\u00e9rentes configurations d\u2019habitation. Il dispose d\u2019une capacit\u00e9 de stockage de 250 litres et d\u2019une pompe \u00e0 chaleur performante avec [&hellip;]<\/p>\n","protected":false},"featured_media":2668,"template":"","meta":{"_acf_changed":false},"product_brand":[],"product_cat":[247],"product_tag":[],"class_list":{"0":"post-2661","1":"product","2":"type-product","3":"status-publish","4":"has-post-thumbnail","6":"product_cat-250-l","8":"first","9":"instock","10":"featured","11":"taxable","12":"shipping-taxable","13":"purchasable","14":"product-type-simple"},"acf":[],"_links":{"self":[{"href":"https:\/\/staging26.oekoboiler.com\/fr\/wp-json\/wp\/v2\/product\/2661","targetHints":{"allow":["GET"]}}],"collection":[{"href":"https:\/\/staging26.oekoboiler.com\/fr\/wp-json\/wp\/v2\/product"}],"about":[{"href":"https:\/\/staging26.oekoboiler.com\/fr\/wp-json\/wp\/v2\/types\/product"}],"wp:featuredmedia":[{"embeddable":true,"href":"https:\/\/staging26.oekoboiler.com\/fr\/wp-json\/wp\/v2\/media\/2668"}],"wp:attachment":[{"href":"https:\/\/staging26.oekoboiler.com\/fr\/wp-json\/wp\/v2\/media?parent=2661"}],"wp:term":[{"taxonomy":"product_brand","embeddable":true,"href":"https:\/\/staging26.oekoboiler.com\/fr\/wp-json\/wp\/v2\/product_brand?post=2661"},{"taxonomy":"product_cat","embeddable":true,"href":"https:\/\/staging26.oekoboiler.com\/fr\/wp-json\/wp\/v2\/product_cat?post=2661"},{"taxonomy":"product_tag","embeddable":true,"href":"https:\/\/staging26.oekoboiler.com\/fr\/wp-json\/wp\/v2\/product_tag?post=2661"}],"curies":[{"name":"wp","href":"https:\/\/api.w.org\/{rel}","templated":true}]}}