{"id":2690,"date":"2025-03-13T16:48:43","date_gmt":"2025-03-13T16:48:43","guid":{"rendered":"https:\/\/staging26.oekoboiler.com\/produkt\/rs-oekoboiler-04-200-l\/"},"modified":"2025-03-13T16:48:43","modified_gmt":"2025-03-13T16:48:43","slug":"rs-oekoboiler-04-200-l","status":"publish","type":"product","link":"https:\/\/staging26.oekoboiler.com\/fr\/produkt\/rs-oekoboiler-04-200-l\/","title":{"rendered":"RS-Oekoboiler 04 \/ 200 L"},"content":{"rendered":"<div id=\"w-node-_278230e0-f4e8-0ef9-595d-7d6b08449171-8162ea87\" class=\"text-small-product\">Ce mod\u00e8le combine un design attrayant, une \u00e9lectronique de haute qualit\u00e9 et un chauffe-eau en acier chrom\u00e9 pour une production d&rsquo;eau chaude efficace. Il offre un r\u00e9servoir de 200 litres, une pompe \u00e0 chaleur tr\u00e8s efficace et un contr\u00f4le de temp\u00e9rature continu jusqu&rsquo;\u00e0 +70 \u00b0C via un \u00e9cran LCD et une application WiFi pour un acc\u00e8s mondial. L&rsquo;\u00e9quipement comprend une anode en magn\u00e9sium et un chauffage d&rsquo;appoint d&rsquo;urgence.  <\/div>\n","protected":false},"excerpt":{"rendered":"<p>Chauffe-eau double paroi en acier inoxydable V4A, avec bride de service, \u00e9l\u00e9ment chauffant d&rsquo;appoint sous gaine c\u00e9ramique. Fonction PV et SmartGrid ready, anode \u00e9lectrique. COP 5.21   <\/p>\n","protected":false},"featured_media":2618,"template":"","meta":{"_acf_changed":false},"product_brand":[],"product_cat":[257],"product_tag":[],"class_list":{"0":"post-2690","1":"product","2":"type-product","3":"status-publish","4":"has-post-thumbnail","6":"product_cat-200-l","8":"first","9":"instock","10":"featured","11":"taxable","12":"shipping-taxable","13":"purchasable","14":"product-type-simple"},"acf":[],"_links":{"self":[{"href":"https:\/\/staging26.oekoboiler.com\/fr\/wp-json\/wp\/v2\/product\/2690","targetHints":{"allow":["GET"]}}],"collection":[{"href":"https:\/\/staging26.oekoboiler.com\/fr\/wp-json\/wp\/v2\/product"}],"about":[{"href":"https:\/\/staging26.oekoboiler.com\/fr\/wp-json\/wp\/v2\/types\/product"}],"wp:featuredmedia":[{"embeddable":true,"href":"https:\/\/staging26.oekoboiler.com\/fr\/wp-json\/wp\/v2\/media\/2618"}],"wp:attachment":[{"href":"https:\/\/staging26.oekoboiler.com\/fr\/wp-json\/wp\/v2\/media?parent=2690"}],"wp:term":[{"taxonomy":"product_brand","embeddable":true,"href":"https:\/\/staging26.oekoboiler.com\/fr\/wp-json\/wp\/v2\/product_brand?post=2690"},{"taxonomy":"product_cat","embeddable":true,"href":"https:\/\/staging26.oekoboiler.com\/fr\/wp-json\/wp\/v2\/product_cat?post=2690"},{"taxonomy":"product_tag","embeddable":true,"href":"https:\/\/staging26.oekoboiler.com\/fr\/wp-json\/wp\/v2\/product_tag?post=2690"}],"curies":[{"name":"wp","href":"https:\/\/api.w.org\/{rel}","templated":true}]}}