{"id":2726,"date":"2025-03-13T16:48:43","date_gmt":"2025-03-13T16:48:43","guid":{"rendered":"https:\/\/staging26.oekoboiler.com\/produkt\/rs-oekob-04-400-litres\/"},"modified":"2025-03-13T16:48:43","modified_gmt":"2025-03-13T16:48:43","slug":"rs-oekob-04-400-litres","status":"publish","type":"product","link":"https:\/\/staging26.oekoboiler.com\/fr\/produkt\/rs-oekob-04-400-litres\/","title":{"rendered":"RS-Oekob 04 400 litres"},"content":{"rendered":"<p>Le design attrayant, les composants \u00e9lectroniques de haute qualit\u00e9 ainsi que, surtout, le r\u00e9servoir en acier inoxydable pur garantissent une production d\u2019eau chaude hautement efficace et \u00e9conomique. Les entr\u00e9es et sorties d\u2019air s\u2019effectuent par le capot de l\u2019appareil, ce qui permet d\u2019adapter le flux d\u2019air \u00e0 chaque configuration d\u2019habitation. Avec son nouveau design s\u00e9duisant, il offre une capacit\u00e9 de stockage de 400 litres. La pompe \u00e0 chaleur \u00e0 haute efficacit\u00e9, dot\u00e9e d\u2019un r\u00e9servoir \u00e0 l\u2019isolation de premier ordre, atteint d\u2019excellentes performances. Le grand confort d\u2019utilisation de la nouvelle r\u00e9gulation \u00e9lectronique avec \u00e9cran LCD et une commande par application WiFi pour un acc\u00e8s mondial compl\u00e8tent l\u2019\u00e9quipement. Des temp\u00e9ratures d\u2019eau allant jusqu\u2019\u00e0 +70 \u00b0C peuvent \u00eatre atteintes. La temp\u00e9rature souhait\u00e9e peut \u00eatre r\u00e9gl\u00e9e en continu. Ces appareils compacts sont con\u00e7us pour alimenter plusieurs points de puisage. L\u2019\u00e9quipement de haute qualit\u00e9 comprend une anode en magn\u00e9sium ainsi qu\u2019un chauffage d\u2019appoint de secours.<\/p>\n","protected":false},"excerpt":{"rendered":"<p>Le design attrayant, les composants \u00e9lectroniques de haute qualit\u00e9 ainsi que, surtout, le r\u00e9servoir en acier inoxydable pur garantissent une production d\u2019eau chaude hautement efficace et \u00e9conomique. Les entr\u00e9es et sorties d\u2019air s\u2019effectuent par le capot de l\u2019appareil, ce qui permet d\u2019adapter le flux d\u2019air \u00e0 chaque configuration d\u2019habitation. Avec son nouveau design s\u00e9duisant, il [&hellip;]<\/p>\n","protected":false},"featured_media":2591,"template":"","meta":{"_acf_changed":false},"product_brand":[],"product_cat":[223],"product_tag":[],"class_list":{"0":"post-2726","1":"product","2":"type-product","3":"status-publish","4":"has-post-thumbnail","6":"product_cat-400-l","8":"first","9":"instock","10":"featured","11":"taxable","12":"shipping-taxable","13":"purchasable","14":"product-type-simple"},"acf":[],"_links":{"self":[{"href":"https:\/\/staging26.oekoboiler.com\/fr\/wp-json\/wp\/v2\/product\/2726","targetHints":{"allow":["GET"]}}],"collection":[{"href":"https:\/\/staging26.oekoboiler.com\/fr\/wp-json\/wp\/v2\/product"}],"about":[{"href":"https:\/\/staging26.oekoboiler.com\/fr\/wp-json\/wp\/v2\/types\/product"}],"wp:featuredmedia":[{"embeddable":true,"href":"https:\/\/staging26.oekoboiler.com\/fr\/wp-json\/wp\/v2\/media\/2591"}],"wp:attachment":[{"href":"https:\/\/staging26.oekoboiler.com\/fr\/wp-json\/wp\/v2\/media?parent=2726"}],"wp:term":[{"taxonomy":"product_brand","embeddable":true,"href":"https:\/\/staging26.oekoboiler.com\/fr\/wp-json\/wp\/v2\/product_brand?post=2726"},{"taxonomy":"product_cat","embeddable":true,"href":"https:\/\/staging26.oekoboiler.com\/fr\/wp-json\/wp\/v2\/product_cat?post=2726"},{"taxonomy":"product_tag","embeddable":true,"href":"https:\/\/staging26.oekoboiler.com\/fr\/wp-json\/wp\/v2\/product_tag?post=2726"}],"curies":[{"name":"wp","href":"https:\/\/api.w.org\/{rel}","templated":true}]}}