{"id":2414,"date":"2025-03-13T16:48:43","date_gmt":"2025-03-13T16:48:43","guid":{"rendered":"https:\/\/staging26.oekoboiler.com\/produkt\/rs-oekob-02-1-450-litri\/"},"modified":"2025-03-13T16:48:43","modified_gmt":"2025-03-13T16:48:43","slug":"rs-oekob-02-1-450-litri","status":"publish","type":"product","link":"https:\/\/staging26.oekoboiler.com\/it\/produkt\/rs-oekob-02-1-450-litri\/","title":{"rendered":"RS-Oekob 02.1 450 litri"},"content":{"rendered":"<p>Il design accattivante, i componenti elettronici di alta qualit\u00e0 e, soprattutto, il boiler in puro acciaio cromato garantiscono un risultato di riscaldamento dell&#8217;acqua altamente efficiente ed economico. Le prese d&#8217;aria e le uscite avvengono tramite la cappa dell&#8217;apparecchio, il che permette di adattare il flusso d&#8217;aria a qualsiasi situazione abitativa. Il nuovo e accattivante design offre una capacit\u00e0 di accumulo di 450 litri. La pompa di calore ad alta efficienza con accumulo isolato di prima classe raggiunge eccellenti valori di prestazione. L&#8217;elevato comfort operativo del nuovo controllo elettronico con display LCD e un&#8217;app di controllo WiFi per l&#8217;accesso globale completano l&#8217;equipaggiamento. \u00c8 possibile raggiungere temperature dell&#8217;acqua fino a +70\u00b0C. La temperatura desiderata pu\u00f2 essere selezionata in continuo. Gli apparecchi compatti sono progettati per l&#8217;alimentazione di pi\u00f9 punti di prelievo. L&#8217;equipaggiamento di alta qualit\u00e0 include un anodo di magnesio e un riscaldatore ausiliario di emergenza.        <\/p>\n<p>Tramite l&#8217;ingresso contatti integrato \u00e8 possibile collegare sensori esterni, ad esempio per utilizzare l&#8217;elettricit\u00e0 solare autoprodotta tramite la funzione FV o un segnale di tariffa ridotta<\/p>\n","protected":false},"excerpt":{"rendered":"<p>Il design accattivante, i componenti elettronici di alta qualit\u00e0 e, soprattutto, il boiler in puro acciaio cromato garantiscono un risultato di riscaldamento dell&#8217;acqua altamente efficiente ed economico. Le prese d&#8217;aria e le uscite avvengono tramite la cappa dell&#8217;apparecchio, il che permette di adattare il flusso d&#8217;aria a qualsiasi situazione abitativa. Il nuovo e accattivante design [&hellip;]<\/p>\n","protected":false},"featured_media":2421,"template":"","meta":{"_acf_changed":false},"product_brand":[],"product_cat":[206],"product_tag":[],"class_list":{"0":"post-2414","1":"product","2":"type-product","3":"status-publish","4":"has-post-thumbnail","6":"product_cat-450-l","8":"first","9":"instock","10":"featured","11":"taxable","12":"shipping-taxable","13":"purchasable","14":"product-type-simple"},"acf":[],"_links":{"self":[{"href":"https:\/\/staging26.oekoboiler.com\/it\/wp-json\/wp\/v2\/product\/2414","targetHints":{"allow":["GET"]}}],"collection":[{"href":"https:\/\/staging26.oekoboiler.com\/it\/wp-json\/wp\/v2\/product"}],"about":[{"href":"https:\/\/staging26.oekoboiler.com\/it\/wp-json\/wp\/v2\/types\/product"}],"wp:featuredmedia":[{"embeddable":true,"href":"https:\/\/staging26.oekoboiler.com\/it\/wp-json\/wp\/v2\/media\/2421"}],"wp:attachment":[{"href":"https:\/\/staging26.oekoboiler.com\/it\/wp-json\/wp\/v2\/media?parent=2414"}],"wp:term":[{"taxonomy":"product_brand","embeddable":true,"href":"https:\/\/staging26.oekoboiler.com\/it\/wp-json\/wp\/v2\/product_brand?post=2414"},{"taxonomy":"product_cat","embeddable":true,"href":"https:\/\/staging26.oekoboiler.com\/it\/wp-json\/wp\/v2\/product_cat?post=2414"},{"taxonomy":"product_tag","embeddable":true,"href":"https:\/\/staging26.oekoboiler.com\/it\/wp-json\/wp\/v2\/product_tag?post=2414"}],"curies":[{"name":"wp","href":"https:\/\/api.w.org\/{rel}","templated":true}]}}